{"id":3558,"date":"2020-09-16T04:10:41","date_gmt":"2020-09-16T04:10:41","guid":{"rendered":"http:\/\/www.diresaapurimac.gob.pe\/web\/?page_id=3558"},"modified":"2025-04-22T14:04:44","modified_gmt":"2025-04-22T19:04:44","slug":"serums","status":"publish","type":"page","link":"https:\/\/www.diresaapurimac.gob.pe\/web\/serums\/","title":{"rendered":"SERUMS"},"content":{"rendered":"[vc_row][vc_column][vc_btn title=&#8221;COMUNICADO 2025-I&#8221; color=&#8221;blue&#8221; size=&#8221;lg&#8221; align=&#8221;center&#8221; link=&#8221;url:https%3A%2F%2Fdrive.google.com%2Ffile%2Fd%2F1e52X7-FCFX7n8zNW0Vz7-MQ5872nhyfJ%2Fview%3Fusp%3Dsharing||target:%20_blank|&#8221;][vc_btn title=&#8221;COMUNICADO 2024-II&#8221; color=&#8221;turquoise&#8221; size=&#8221;lg&#8221; align=&#8221;center&#8221; link=&#8221;url:https%3A%2F%2Fdrive.google.com%2Ffile%2Fd%2F1uzUS3JqCg4fPL18ZQEl1Np2roSCFnfF4%2Fview%3Fusp%3Dsharing||target:%20_blank|&#8221;][vc_btn title=&#8221;COMUNICADO 2024-I&#8221; color=&#8221;turquoise&#8221; size=&#8221;lg&#8221; align=&#8221;center&#8221; link=&#8221;url:https%3A%2F%2Fdocs.google.com%2Fdocument%2Fd%2F1D6uvpZinJeCFuzxDvtL81RdVlaUi8F4z%2Fedit%3Fusp%3Dsharing%26ouid%3D107747514193496117018%26rtpof%3Dtrue%26sd%3Dtrue||target:%20_blank|&#8221;][vc_btn title=&#8221;COMUNICADO 2023-II&#8221; color=&#8221;pink&#8221; size=&#8221;lg&#8221; align=&#8221;center&#8221; link=&#8221;url:https%3A%2F%2Fdocs.google.com%2Fdocument%2Fd%2F1Y2Ph6kmtRAbwc9B_JseJ8mYa2Wi3i0_G%2Fedit%3Fusp%3Dsharing%26ouid%3D114492099380103913308%26rtpof%3Dtrue%26sd%3Dtrue||target:%20_blank|&#8221;][vc_btn title=&#8221;FORMATO REGIMEN PENSIONARIO SERUMS 2023-II&#8221; color=&#8221;pink&#8221; size=&#8221;lg&#8221; align=&#8221;center&#8221; link=&#8221;url:https%3A%2F%2Fdocs.google.com%2Fspreadsheets%2Fd%2F1GyQDLcv0kr31GDxdBdnGE7V1j7aBIGhu%2Fedit%3Fusp%3Dsharing%26ouid%3D114492099380103913308%26rtpof%3Dtrue%26sd%3Dtrue||target:%20_blank|&#8221;][vc_btn title=&#8221;RELACION DE SERUMS 2023&#8243; color=&#8221;pink&#8221; size=&#8221;lg&#8221; align=&#8221;center&#8221; link=&#8221;url:https%3A%2F%2Fdocs.google.com%2Fspreadsheets%2Fd%2F12V_6nxCnmafbPYomwGPizjkCWaUm2uDA%2Fedit%3Fusp%3Dshare_link%26ouid%3D107747514193496117018%26rtpof%3Dtrue%26sd%3Dtrue||target:%20_blank|&#8221;][vc_btn title=&#8221;COMUNICADO 2022-II&#8221; color=&#8221;blue&#8221; size=&#8221;lg&#8221; align=&#8221;center&#8221; link=&#8221;url:https%3A%2F%2Fwww.diresaapurimac.gob.pe%2F2022%2Fserums.pdf||target:%20_blank|&#8221;][vc_btn title=&#8221;COMUNICADO 2021-I&#8221; color=&#8221;pink&#8221; size=&#8221;lg&#8221; align=&#8221;center&#8221; link=&#8221;url:https%3A%2F%2Fwww.diresaapurimac.gob.pe%2F2021%2Fserums%202021-1.pdf||target:%20_blank|&#8221;][\/vc_column][\/vc_row][vc_row][vc_column][vc_column_text]\n<p><br \/>\n<\/p>\n<h1 class=\"wp-block-heading\">Documentos de consulta para postular al proceso SERUMS<\/h1>\n<p>El proceso de postulaci\u00f3n es a nivel nacional y est\u00e1 dirigido a todos los profesionales de las ciencias de la salud (Medicina Humana, Biolog\u00eda, Enfermer\u00eda, Ingenier\u00eda Sanitaria, Farmacia y Bioqu\u00edmica, Medicina Veterinaria, Nutrici\u00f3n, Obstetricia, Odontolog\u00eda, Psicolog\u00eda, Tecnolog\u00eda M\u00e9dica y Trabajo Social), siendo de responsabilidad \u00fanica y exclusiva del postulante. No se aceptar\u00e1n cambios relacionados a los datos personales y\/o profesionales consignados despu\u00e9s de la inscripci\u00f3n virtual.<\/p>\n<p>Para informarte sobre el proceso SERUMS 2020 \u2013 I te recomendamos revisar los siguientes documentos:<\/p>\n<p><br \/>\n<\/p>\n<ul class=\"wp-block-list\">\n<li><a href=\"https:\/\/www.gob.pe\/institucion\/minsa\/informes-publicaciones\/442224-instructivo-del-proceso-serums-2020-i\">Instructivo del Proceso SERUMS 2020 \u2013 I<\/a><\/li>\n<li><a href=\"https:\/\/www.gob.pe\/institucion\/minsa\/informes-publicaciones\/442225-cronograma-del-proceso-serums-2020-i\">Cronograma del Proceso SERUMS 2020 \u2013 I<\/a><\/li>\n<li><a href=\"https:\/\/www.gob.pe\/institucion\/minsa\/colecciones\/691-adjudicacion-ordinaria-del-proceso-serums-2020-i\">Adjudicaci\u00f3n ordinaria del Proceso SERUMS 2020\u2013I<\/a><\/li>\n<li><a href=\"https:\/\/www.gob.pe\/institucion\/minsa\/informes-publicaciones\/703456-adjudicacion-complementaria-del-proceso-serums-2020-i\">Adjudicaci\u00f3n complementaria del proceso SERUMS 2020 \u2013 I<\/a><\/li>\n<li><a href=\"https:\/\/www.gob.pe\/institucion\/minsa\/informes-publicaciones\/744576-adjudicacion-equivalente-del-proceso-serums-2020-i\">Adjudicaci\u00f3n equivalente del Proceso SERUMS 2020 \u2013 I<\/a><\/li>\n<li><a href=\"https:\/\/www.gob.pe\/institucion\/minsa\/colecciones\/747-comunicados-del-proceso-serums-2020-i\">Comunicados del proceso SERUMS 2020 &#8211; I<\/a><\/li>\n<li><a href=\"https:\/\/www.gob.pe\/institucion\/minsa\/colecciones\/669-normativa-sobre-serums\">Normativa sobre SERUMS<\/a><\/li>\n<li><a href=\"https:\/\/www.gob.pe\/institucion\/minsa\/colecciones\/662-seguro-contra-accidentes-serums\">Seguro contra accidentes SERUMS<\/a><\/li>\n<li><a href=\"https:\/\/www.gob.pe\/institucion\/minsa\/informes-publicaciones\/444280-formato-para-la-solicitud-de-caso-especial\">Formato para la solicitud de caso especial<\/a><\/li>\n<li><a href=\"https:\/\/www.gob.pe\/institucion\/minsa\/informes-publicaciones\/444209-pago-por-derecho-de-inscripcion\">Pago por derecho de inscripci\u00f3n<\/a><\/li>\n<li><a href=\"https:\/\/www.gob.pe\/institucion\/minsa\/informes-publicaciones\/444281-directorio-de-coordinadores-serums-a-nivel-nacional\">Directorio de coordinadores SERUMS a nivel nacional<\/a><\/li>\n<li><a href=\"https:\/\/www.gob.pe\/institucion\/minsa\/informes-publicaciones\/454830-preguntas-frecuentes-del-proceso-serums-2020-i\">Preguntas frecuentes del Proceso SERUMS 2020 \u2013 I<\/a><\/li>\n<\/ul>\n<p>&nbsp;[\/vc_column_text][\/vc_column][\/vc_row]\n","protected":false},"excerpt":{"rendered":"<p>[vc_row][vc_column][vc_btn title=&#8221;COMUNICADO 2025-I&#8221; color=&#8221;blue&#8221; size=&#8221;lg&#8221; align=&#8221;center&#8221; link=&#8221;url:https%3A%2F%2Fdrive.google.com%2Ffile%2Fd%2F1e52X7-FCFX7n8zNW0Vz7-MQ5872nhyfJ%2Fview%3Fusp%3Dsharing||target:%20_blank|&#8221;][vc_btn title=&#8221;COMUNICADO 2024-II&#8221; color=&#8221;turquoise&#8221; size=&#8221;lg&#8221; align=&#8221;center&#8221; link=&#8221;url:https%3A%2F%2Fdrive.google.com%2Ffile%2Fd%2F1uzUS3JqCg4fPL18ZQEl1Np2roSCFnfF4%2Fview%3Fusp%3Dsharing||target:%20_blank|&#8221;][vc_btn title=&#8221;COMUNICADO 2024-I&#8221; color=&#8221;turquoise&#8221; size=&#8221;lg&#8221; align=&#8221;center&#8221; link=&#8221;url:https%3A%2F%2Fdocs.google.com%2Fdocument%2Fd%2F1D6uvpZinJeCFuzxDvtL81RdVlaUi8F4z%2Fedit%3Fusp%3Dsharing%26ouid%3D107747514193496117018%26rtpof%3Dtrue%26sd%3Dtrue||target:%20_blank|&#8221;][vc_btn title=&#8221;COMUNICADO 2023-II&#8221; color=&#8221;pink&#8221; size=&#8221;lg&#8221; align=&#8221;center&#8221; link=&#8221;url:https%3A%2F%2Fdocs.google.com%2Fdocument%2Fd%2F1Y2Ph6kmtRAbwc9B_JseJ8mYa2Wi3i0_G%2Fedit%3Fusp%3Dsharing%26ouid%3D114492099380103913308%26rtpof%3Dtrue%26sd%3Dtrue||target:%20_blank|&#8221;][vc_btn title=&#8221;FORMATO REGIMEN PENSIONARIO SERUMS 2023-II&#8221; color=&#8221;pink&#8221; size=&#8221;lg&#8221; align=&#8221;center&#8221; link=&#8221;url:https%3A%2F%2Fdocs.google.com%2Fspreadsheets%2Fd%2F1GyQDLcv0kr31GDxdBdnGE7V1j7aBIGhu%2Fedit%3Fusp%3Dsharing%26ouid%3D114492099380103913308%26rtpof%3Dtrue%26sd%3Dtrue||target:%20_blank|&#8221;][vc_btn title=&#8221;RELACION DE SERUMS 2023&#8243; color=&#8221;pink&#8221; size=&#8221;lg&#8221; align=&#8221;center&#8221; link=&#8221;url:https%3A%2F%2Fdocs.google.com%2Fspreadsheets%2Fd%2F12V_6nxCnmafbPYomwGPizjkCWaUm2uDA%2Fedit%3Fusp%3Dshare_link%26ouid%3D107747514193496117018%26rtpof%3Dtrue%26sd%3Dtrue||target:%20_blank|&#8221;][vc_btn title=&#8221;COMUNICADO 2022-II&#8221; color=&#8221;blue&#8221; size=&#8221;lg&#8221; align=&#8221;center&#8221; link=&#8221;url:https%3A%2F%2Fwww.diresaapurimac.gob.pe%2F2022%2Fserums.pdf||target:%20_blank|&#8221;][vc_btn title=&#8221;COMUNICADO 2021-I&#8221; color=&#8221;pink&#8221; size=&#8221;lg&#8221; align=&#8221;center&#8221; link=&#8221;url:https%3A%2F%2Fwww.diresaapurimac.gob.pe%2F2021%2Fserums%202021-1.pdf||target:%20_blank|&#8221;][\/vc_column][\/vc_row][vc_row][vc_column][vc_column_text] Documentos [&hellip;]<\/p>\n","protected":false},"author":3,"featured_media":0,"parent":0,"menu_order":0,"comment_status":"closed","ping_status":"closed","template":"","meta":{"spay_email":"","footnotes":""},"class_list":["post-3558","page","type-page","status-publish","hentry"],"_links":{"self":[{"href":"https:\/\/www.diresaapurimac.gob.pe\/web\/wp-json\/wp\/v2\/pages\/3558","targetHints":{"allow":["GET"]}}],"collection":[{"href":"https:\/\/www.diresaapurimac.gob.pe\/web\/wp-json\/wp\/v2\/pages"}],"about":[{"href":"https:\/\/www.diresaapurimac.gob.pe\/web\/wp-json\/wp\/v2\/types\/page"}],"author":[{"embeddable":true,"href":"https:\/\/www.diresaapurimac.gob.pe\/web\/wp-json\/wp\/v2\/users\/3"}],"replies":[{"embeddable":true,"href":"https:\/\/www.diresaapurimac.gob.pe\/web\/wp-json\/wp\/v2\/comments?post=3558"}],"version-history":[{"count":21,"href":"https:\/\/www.diresaapurimac.gob.pe\/web\/wp-json\/wp\/v2\/pages\/3558\/revisions"}],"predecessor-version":[{"id":9913,"href":"https:\/\/www.diresaapurimac.gob.pe\/web\/wp-json\/wp\/v2\/pages\/3558\/revisions\/9913"}],"wp:attachment":[{"href":"https:\/\/www.diresaapurimac.gob.pe\/web\/wp-json\/wp\/v2\/media?parent=3558"}],"curies":[{"name":"wp","href":"https:\/\/api.w.org\/{rel}","templated":true}]}}