{"id":2436,"date":"2019-12-11T10:52:28","date_gmt":"2019-12-11T10:52:28","guid":{"rendered":"http:\/\/www.diresaapurimac.gob.pe\/web\/?page_id=2436"},"modified":"2019-12-11T10:55:23","modified_gmt":"2019-12-11T10:55:23","slug":"srcr","status":"publish","type":"page","link":"https:\/\/www.diresaapurimac.gob.pe\/web\/srcr\/","title":{"rendered":"SRCR"},"content":{"rendered":"[vc_row][vc_column][vc_column_text]\n<h3>Sistema de Referencia y Contrarreferencia SRCR<\/h3>\n[\/vc_column_text][vc_empty_space][\/vc_column][\/vc_row][vc_row][vc_column width=&#8221;1\/4&#8243;][\/vc_column][vc_column width=&#8221;3\/4&#8243;][vc_column_text]\n<table id=\"tablepress-5\" class=\"tablepress tablepress-id-5\">\n<thead>\n<tr class=\"row-1 odd\">\n\t<th class=\"column-1\">Descripci\u00f3n<\/th><th class=\"column-2\">Informaci\u00f3n<\/th><th class=\"column-3\">Ver \/ Descargar<\/th>\n<\/tr>\n<\/thead>\n<tbody class=\"row-hover\">\n<tr class=\"row-2 even\">\n\t<td class=\"column-1\">Recetario Esquema<\/td><td class=\"column-2\">Documentos de Gesti\u00f3n<\/td><td class=\"column-3\"><a href=\"http:\/\/diresaapurimac.gob.pe\/images\/srcr\/1-documentos-de-gestion\/1-RECETARIO_ESQUEMA.docx\" rel=\"noopener noreferrer\" target=\"_blank\">Ver \/ Descargar<\/a><\/td>\n<\/tr>\n<tr class=\"row-3 odd\">\n\t<td class=\"column-1\">Historia Cl\u00ednica - Estructura<\/td><td class=\"column-2\">Documentos de Gesti\u00f3n<\/td><td class=\"column-3\"><a href=\"http:\/\/diresaapurimac.gob.pe\/images\/srcr\/1-documentos-de-gestion\/2-HISTORIA_CLINICA_ESTRUCTURA.docx\" rel=\"noopener noreferrer\" target=\"_blank\">Ver \/ Descargar<\/a><\/td>\n<\/tr>\n<tr class=\"row-4 even\">\n\t<td class=\"column-1\">Manual de Procediientos<\/td><td class=\"column-2\">Documentos de Gesti\u00f3n<\/td><td class=\"column-3\"><a href=\"http:\/\/diresaapurimac.gob.pe\/images\/srcr\/1-documentos-de-gestion\/3-MANUAL_DE_PROCEDIMIENTOS.docx\" rel=\"noopener noreferrer\" target=\"_blank\">Ver \/ Descargar<\/a><\/td>\n<\/tr>\n<tr class=\"row-5 odd\">\n\t<td class=\"column-1\">Plan de Mantenimiento Preventivo Correctivo<\/td><td class=\"column-2\">Documentos de Gesti\u00f3n<\/td><td class=\"column-3\"><a href=\"http:\/\/diresaapurimac.gob.pe\/images\/srcr\/1-documentos-de-gestion\/4-PLAN_DE_MANTENIMIENTO_PREVENTIVO_CORRECTIVO.doc\" rel=\"noopener noreferrer\" target=\"_blank\">Ver \/ Descargar<\/a><\/td>\n<\/tr>\n<tr class=\"row-6 even\">\n\t<td class=\"column-1\">Plan de Contingencia Frente a Emergencias y Desastres<\/td><td class=\"column-2\">Documentos de Gesti\u00f3n<\/td><td class=\"column-3\"><a href=\"http:\/\/diresaapurimac.gob.pe\/images\/srcr\/1-documentos-de-gestion\/5-PLAN_DE_CONTINGENCIA_FRENTE_A_EMERGENCIAS_ Y_DESASTRES.doc\" rel=\"noopener noreferrer\" target=\"_blank\">Ver \/ Descargar<\/a><\/td>\n<\/tr>\n<tr class=\"row-7 odd\">\n\t<td class=\"column-1\">Plan de Manejo de Residuos Solidos<\/td><td class=\"column-2\">Documentos de Gesti\u00f3n<\/td><td class=\"column-3\"><a href=\"http:\/\/diresaapurimac.gob.pe\/images\/srcr\/1-documentos-de-gestion\/6-PLAN_DE_MANEJO_DE_RESIDUOS_SOLIDOS.doc\" rel=\"noopener noreferrer\" target=\"_blank\">Ver \/ Descargar<\/a><\/td>\n<\/tr>\n<tr class=\"row-8 even\">\n\t<td class=\"column-1\">Gu\u00eda de Practica<\/td><td class=\"column-2\">Documentos de Gesti\u00f3n<\/td><td class=\"column-3\"><a href=\"http:\/\/diresaapurimac.gob.pe\/images\/srcr\/1-documentos-de-gestion\/7-GUIA_DE_PRACTICA.doc\" rel=\"noopener noreferrer\" target=\"_blank\">Ver \/ Descargar<\/a><\/td>\n<\/tr>\n<tr class=\"row-9 odd\">\n\t<td class=\"column-1\">Manual de Bioseguridad<\/td><td class=\"column-2\">Documentos de Gesti\u00f3n<\/td><td class=\"column-3\"><a href=\"http:\/\/diresaapurimac.gob.pe\/images\/srcr\/1-documentos-de-gestion\/8-MANUAL_DE_BIOSEGUR.doc\" rel=\"noopener noreferrer\" target=\"_blank\">Ver \/ Descargar<\/a><\/td>\n<\/tr>\n<tr class=\"row-10 even\">\n\t<td class=\"column-1\">Comunicacion<\/td><td class=\"column-2\">Inicio de Actividades<\/td><td class=\"column-3\"><a href=\"http:\/\/diresaapurimac.gob.pe\/images\/srcr\/2-comunicacion-por-inicio-de-actividades\/Comunicacion_Inicio_de_Actividades.docx\" rel=\"noopener noreferrer\" target=\"_blank\">Ver \/ Descargar<\/a><\/td>\n<\/tr>\n<tr class=\"row-11 odd\">\n\t<td class=\"column-1\">Categor\u00eda de IPRESS<\/td><td class=\"column-2\">IPRESS<\/td><td class=\"column-3\"><a href=\"http:\/\/diresaapurimac.gob.pe\/images\/srcr\/3-categoria-de-ipress\/Solicitud_de_Categorizacion.doc\" rel=\"noopener noreferrer\" target=\"_blank\">Ver \/ Descargar<\/a><\/td>\n<\/tr>\n<tr class=\"row-12 even\">\n\t<td class=\"column-1\">Reglamento de Establecimientos de Salud y Servicios Medicos de Apoyo<\/td><td class=\"column-2\">Normativa Vigente<\/td><td class=\"column-3\"><a href=\"http:\/\/diresaapurimac.gob.pe\/images\/srcr\/4-normativa-vigente\/1 Reglamento_de_Establecimientos_de_Salud_y_Servicios_Medicos_de_Apoyo.pdf\" rel=\"noopener noreferrer\" target=\"_blank\">Ver \/ Descargar<\/a><\/td>\n<\/tr>\n<tr class=\"row-13 odd\">\n\t<td class=\"column-1\">Gesti\u00f3n y Manejo de Residuos S\u00f3lidos en Establecimientos de Salud<\/td><td class=\"column-2\">Normativa Vigente<\/td><td class=\"column-3\"><a href=\"http:\/\/diresaapurimac.gob.pe\/images\/srcr\/4-normativa-vigente\/2 GESTION_y_ MANEJO_DE_RESIDUOS_SOLIDOS_EN_ESTABLECIMIENTOS_DE_SALUD.pdf\" rel=\"noopener noreferrer\" target=\"_blank\">Ver \/ Descargar<\/a><\/td>\n<\/tr>\n<tr class=\"row-14 even\">\n\t<td class=\"column-1\">Norma T\u00e9cnica de Categorizaci\u00f3n Versi\u00f3n 3<\/td><td class=\"column-2\">Normativa Vigente<\/td><td class=\"column-3\"><a href=\"http:\/\/diresaapurimac.gob.pe\/images\/srcr\/4-normativa-vigente\/3 NORMA_TECNICA_DE_CATEGORIZACION_VERSION_3.pdf\" rel=\"noopener noreferrer\" target=\"_blank\">Ver \/ Descargar<\/a><\/td>\n<\/tr>\n<tr class=\"row-15 odd\">\n\t<td class=\"column-1\">NTS para Transporte Asistido de Pacientes por V\u00eda Terrestre<\/td><td class=\"column-2\">Normativa Vigente<\/td><td class=\"column-3\"><a href=\"http:\/\/diresaapurimac.gob.pe\/images\/srcr\/4-normativa-vigente\/4 NTS_PARA_TRANSPORTE_ASISTIDO_DE_PACIENTES_POR_VIA_TERRESTRE.pdf\" rel=\"noopener noreferrer\" target=\"_blank\">Ver \/ Descargar<\/a><\/td>\n<\/tr>\n<tr class=\"row-16 even\">\n\t<td class=\"column-1\">NTS Servicio de Patolog\u00eda Cl\u00ednica<\/td><td class=\"column-2\">Normativa Vigente<\/td><td class=\"column-3\"><a href=\"http:\/\/diresaapurimac.gob.pe\/images\/srcr\/4-normativa-vigente\/5 NTS_Servicio_de_Patologia_clinica.pdf\" rel=\"noopener noreferrer\" target=\"_blank\">Ver \/ Descargar<\/a><\/td>\n<\/tr>\n<tr class=\"row-17 odd\">\n\t<td class=\"column-1\">Buz\u00f3n de Sugerencias<\/td><td class=\"column-2\">Normativa Vigente<\/td><td class=\"column-3\"><a href=\"http:\/\/diresaapurimac.gob.pe\/images\/srcr\/4-normativa-vigente\/6 Buzon_de_Sugerencias.doc\" rel=\"noopener noreferrer\" target=\"_blank\">Ver \/ Descargar<\/a><\/td>\n<\/tr>\n<tr class=\"row-18 even\">\n\t<td class=\"column-1\">Uso de Odontograma RM593-2006<\/td><td class=\"column-2\">Normativa Vigente<\/td><td class=\"column-3\"><a href=\"http:\/\/diresaapurimac.gob.pe\/images\/srcr\/4-normativa-vigente\/7 NT_045_USO_DE_ODONTOGRAMA_RM593-2006.pdf\" rel=\"noopener noreferrer\" target=\"_blank\">Ver \/ Descargar<\/a><\/td>\n<\/tr>\n<tr class=\"row-19 odd\">\n\t<td class=\"column-1\">NT 079 UPS Rehabilitaci\u00f3n<\/td><td class=\"column-2\">Normativa Vigente<\/td><td class=\"column-3\"><a href=\"http:\/\/diresaapurimac.gob.pe\/images\/srcr\/4-normativa-vigente\/8 NT_079_UPS_Rehabilitacion.pdf\" rel=\"noopener noreferrer\" target=\"_blank\">Ver \/ Descargar<\/a><\/td>\n<\/tr>\n<tr class=\"row-20 even\">\n\t<td class=\"column-1\">Infraestructura y Equipamiento 1er Nivel RM 045-2015<\/td><td class=\"column-2\">Normativa Vigente<\/td><td class=\"column-3\"><a href=\"http:\/\/diresaapurimac.gob.pe\/images\/srcr\/4-normativa-vigente\/9 NTS_113_INFRAESTRUCTURA_Y_EQUIPAMIENTO_1ER_NIVEL_ RM 045_2015.pdf\" rel=\"noopener noreferrer\" target=\"_blank\">Ver \/ Descargar<\/a><\/td>\n<\/tr>\n<tr class=\"row-21 odd\">\n\t<td class=\"column-1\">Infraestructura 2do Nivel RM 660-2014 MINSA<\/td><td class=\"column-2\">Normativa Vigente<\/td><td class=\"column-3\"><a href=\"http:\/\/diresaapurimac.gob.pe\/images\/srcr\/4-normativa-vigente\/10 NTS 110_INFRAESTRUCTURA_2D_NIVEL_RM660_2014_MINSA.pdf\" rel=\"noopener noreferrer\" target=\"_blank\">Ver \/ Descargar<\/a><\/td>\n<\/tr>\n<tr class=\"row-22 even\">\n\t<td class=\"column-1\">Acta de Verificacion Sanitaria<\/td><td class=\"column-2\">Actas de Inspecci\u00f3n<\/td><td class=\"column-3\"><a href=\"http:\/\/diresaapurimac.gob.pe\/images\/srcr\/6-actas-de-inspeccion\/Acta_Verificacion_Sanitaria.pdf\" rel=\"noopener noreferrer\" target=\"_blank\">Ver \/ Descargar<\/a><\/td>\n<\/tr>\n<tr class=\"row-23 odd\">\n\t<td class=\"column-1\">Solicitud de Levantamiento de Observaciones<\/td><td class=\"column-2\">Formatos <\/td><td class=\"column-3\"><a href=\"http:\/\/diresaapurimac.gob.pe\/images\/srcr\/7-formato-solicita-visita\/solicitud_de_levantamiento_de_Observaciones.docx\" rel=\"noopener noreferrer\" target=\"_blank\">Ver \/ Descargar<\/a><\/td>\n<\/tr>\n<tr class=\"row-24 even\">\n\t<td class=\"column-1\">Consideraciones para la Inspecci\u00f3n<\/td><td class=\"column-2\">Consideraciones<\/td><td class=\"column-3\"><a href=\"http:\/\/diresaapurimac.gob.pe\/images\/srcr\/8-consideraciones\/CONSIDERACIONES_PARA_LA_INSPECCION.docx\" rel=\"noopener noreferrer\" target=\"_blank\">Ver \/ Descargar<\/a><\/td>\n<\/tr>\n<tr class=\"row-25 odd\">\n\t<td class=\"column-1\">Instructivo Categorizaci\u00f3n 2<\/td><td class=\"column-2\">Instructivo 2<\/td><td class=\"column-3\"><a href=\"http:\/\/diresaapurimac.gob.pe\/images\/srcr\/9-instructivo2\/Instructivo_2_CATEGORIZACION.docx\" rel=\"noopener noreferrer\" target=\"_blank\">Ver \/ Descargar<\/a><\/td>\n<\/tr>\n<tr class=\"row-26 even\">\n\t<td class=\"column-1\">Instructivo Comunicaci\u00f3n 1<\/td><td class=\"column-2\">Instructivo 1<\/td><td class=\"column-3\"><a href=\"http:\/\/diresaapurimac.gob.pe\/images\/srcr\/10-instructivo1\/Instructivo_1_COMUNICACION.docx\" rel=\"noopener noreferrer\" target=\"_blank\">Ver \/ Descargar<\/a><\/td>\n<\/tr>\n<tr class=\"row-27 odd\">\n\t<td class=\"column-1\">Solicitud de Autorizacion de funcionamiento comunidades Terapeuticas<\/td><td class=\"column-2\">Comunidades Terap\u00e9uticas<\/td><td class=\"column-3\"><a href=\"http:\/\/diresaapurimac.gob.pe\/images\/srcr\/11-comunidades-terapeuticas\/Solicitud_Autorizacion_funcionamiento_comunidades_Terapeuticas.doc\" rel=\"noopener noreferrer\" target=\"_blank\">Ver \/ Descargar<\/a><\/td>\n<\/tr>\n<tr class=\"row-28 even\">\n\t<td class=\"column-1\">Solicitud Evaluacion de Anteproyecto<\/td><td class=\"column-2\">Evaluaci\u00f3n Anteproyecto<\/td><td class=\"column-3\"><a href=\"http:\/\/diresaapurimac.gob.pe\/images\/srcr\/12-evaluacion-anteproyecto\/1 Solicitud Evaluacion de Anteproyecto.doc\" rel=\"noopener noreferrer\" target=\"_blank\">Ver \/ Descargar<\/a><\/td>\n<\/tr>\n<tr class=\"row-29 odd\">\n\t<td class=\"column-1\">Esquema Plan Medico<\/td><td class=\"column-2\">Evaluaci\u00f3n Anteproyecto<\/td><td class=\"column-3\"><a href=\"http:\/\/diresaapurimac.gob.pe\/images\/srcr\/12-evaluacion-anteproyecto\/2 Esquema Plan Medico.doc\" rel=\"noopener noreferrer\" target=\"_blank\">Ver \/ Descargar<\/a><\/td>\n<\/tr>\n<tr class=\"row-30 even\">\n\t<td class=\"column-1\">Pautas de Presentacion de Anteproyecto<\/td><td class=\"column-2\">Evaluaci\u00f3n Anteproyecto<\/td><td class=\"column-3\"><a href=\"http:\/\/diresaapurimac.gob.pe\/images\/srcr\/12-evaluacion-anteproyecto\/3 pautas presentacion de anteproyecto.xlsx\" rel=\"noopener noreferrer\" target=\"_blank\">Ver \/ Descargar<\/a><\/td>\n<\/tr>\n<tr class=\"row-31 odd\">\n\t<td class=\"column-1\">RRSS - EESS<\/td><td class=\"column-2\">Capacitaciones<\/td><td class=\"column-3\"><a href=\"http:\/\/diresaapurimac.gob.pe\/images\/srcr\/13-capacitaciones-ppt\/1 RRSS -EESS.pdf\" rel=\"noopener noreferrer\" target=\"_blank\">Ver \/ Descargar<\/a><\/td>\n<\/tr>\n<tr class=\"row-32 even\">\n\t<td class=\"column-1\">Hallazgos Categorizaci\u00f3n<\/td><td class=\"column-2\">Capacitaciones<\/td><td class=\"column-3\"><a href=\"http:\/\/diresaapurimac.gob.pe\/images\/srcr\/13-capacitaciones-ppt\/2 HALLAZGOS CATEGORIZACION.pdf\" rel=\"noopener noreferrer\" target=\"_blank\">Ver \/ Descargar<\/a><\/td>\n<\/tr>\n<tr class=\"row-33 odd\">\n\t<td class=\"column-1\">FARM EESS<\/td><td class=\"column-2\">Capacitaciones<\/td><td class=\"column-3\"><a href=\"http:\/\/diresaapurimac.gob.pe\/images\/srcr\/13-capacitaciones-ppt\/3 FARM EESS.pdf\" rel=\"noopener noreferrer\" target=\"_blank\">Ver \/ Descargar<\/a><\/td>\n<\/tr>\n<tr class=\"row-34 even\">\n\t<td class=\"column-1\">Ponencia Sociedades Cientificas<\/td><td class=\"column-2\">Capacitaciones<\/td><td class=\"column-3\"><a href=\"http:\/\/diresaapurimac.gob.pe\/images\/srcr\/13-capacitaciones-ppt\/4 Ponencia Sociedades Cienti_ficas.pdf\" rel=\"noopener noreferrer\" target=\"_blank\">Ver \/ Descargar<\/a><\/td>\n<\/tr>\n<\/tbody>\n<\/table>\n<!-- #tablepress-5 from cache -->[\/vc_column_text][\/vc_column][\/vc_row]\n","protected":false},"excerpt":{"rendered":"<p>[vc_row][vc_column][vc_column_text] Sistema de Referencia y Contrarreferencia SRCR [\/vc_column_text][vc_empty_space][\/vc_column][\/vc_row][vc_row][vc_column width=&#8221;1\/4&#8243;][\/vc_column][vc_column width=&#8221;3\/4&#8243;][vc_column_text][\/vc_column_text][\/vc_column][\/vc_row]<\/p>\n","protected":false},"author":1,"featured_media":0,"parent":0,"menu_order":0,"comment_status":"closed","ping_status":"closed","template":"","meta":{"spay_email":"","footnotes":""},"class_list":["post-2436","page","type-page","status-publish","hentry"],"_links":{"self":[{"href":"https:\/\/www.diresaapurimac.gob.pe\/web\/wp-json\/wp\/v2\/pages\/2436","targetHints":{"allow":["GET"]}}],"collection":[{"href":"https:\/\/www.diresaapurimac.gob.pe\/web\/wp-json\/wp\/v2\/pages"}],"about":[{"href":"https:\/\/www.diresaapurimac.gob.pe\/web\/wp-json\/wp\/v2\/types\/page"}],"author":[{"embeddable":true,"href":"https:\/\/www.diresaapurimac.gob.pe\/web\/wp-json\/wp\/v2\/users\/1"}],"replies":[{"embeddable":true,"href":"https:\/\/www.diresaapurimac.gob.pe\/web\/wp-json\/wp\/v2\/comments?post=2436"}],"version-history":[{"count":3,"href":"https:\/\/www.diresaapurimac.gob.pe\/web\/wp-json\/wp\/v2\/pages\/2436\/revisions"}],"predecessor-version":[{"id":2439,"href":"https:\/\/www.diresaapurimac.gob.pe\/web\/wp-json\/wp\/v2\/pages\/2436\/revisions\/2439"}],"wp:attachment":[{"href":"https:\/\/www.diresaapurimac.gob.pe\/web\/wp-json\/wp\/v2\/media?parent=2436"}],"curies":[{"name":"wp","href":"https:\/\/api.w.org\/{rel}","templated":true}]}}