{"id":2365,"date":"2019-12-10T14:28:00","date_gmt":"2019-12-10T14:28:00","guid":{"rendered":"http:\/\/www.diresaapurimac.gob.pe\/web\/?page_id=2365"},"modified":"2019-12-10T14:31:49","modified_gmt":"2019-12-10T14:31:49","slug":"documentos-de-geston","status":"publish","type":"page","link":"https:\/\/www.diresaapurimac.gob.pe\/web\/documentos-de-geston\/","title":{"rendered":"Documentos de Gest\u00f3n"},"content":{"rendered":"[vc_row][vc_column][\/vc_column][\/vc_row][vc_row][vc_column width=&#8221;1\/4&#8243;][\/vc_column][vc_column width=&#8221;3\/4&#8243;][vc_column_text]\n<table id=\"tablepress-3\" class=\"tablepress tablepress-id-3\">\n<thead>\n<tr class=\"row-1 odd\">\n\t<th class=\"column-1\">Documentos<\/th><th class=\"column-2\">Detalles<\/th><th class=\"column-3\">Ver \/ Descargar<\/th>\n<\/tr>\n<\/thead>\n<tbody class=\"row-hover\">\n<tr class=\"row-2 even\">\n\t<td class=\"column-1\">MOF<\/td><td class=\"column-2\">Manual de Organizaci\u00f3n y Funciones<\/td><td class=\"column-3\"><a href=\"http:\/\/www.diresaapurimac.gob.pe\/images\/transparencia\/mof.pdf\" rel=\"noopener noreferrer\" target=\"_blank\">Ver \/ Descargar<\/a><\/td>\n<\/tr>\n<tr class=\"row-3 odd\">\n\t<td class=\"column-1\">ROF<\/td><td class=\"column-2\">Reglamento de Organizaci\u00f3n y Funciones<\/td><td class=\"column-3\"><a href=\"http:\/\/www.diresaapurimac.gob.pe\/images\/transparencia\/rof_diresa.pdf\" rel=\"noopener noreferrer\" target=\"_blank\">Ver \/ Descargar<\/a><\/td>\n<\/tr>\n<tr class=\"row-4 even\">\n\t<td class=\"column-1\">ESTRUCTURA \u00d3RGANICA <\/td><td class=\"column-2\">Es un documento t\u00e9cnico aprobado<\/td><td class=\"column-3\"><a href=\"http:\/\/www.diresaapurimac.gob.pe\/images\/transparencia\/organigrama.pdf\" rel=\"noopener noreferrer\" target=\"_blank\">Ver \/ Descargar<\/a><\/td>\n<\/tr>\n<tr class=\"row-5 odd\">\n\t<td class=\"column-1\">CAP<\/td><td class=\"column-2\">Cuadro de asignaci\u00f3n de personal<\/td><td class=\"column-3\"><a href=\"http:\/\/www.diresaapurimac.gob.pe\/images\/transparencia\/CAP_2017.pdf\" rel=\"noopener noreferrer\" target=\"_blank\">Ver \/ Descargar<\/a><\/td>\n<\/tr>\n<tr class=\"row-6 even\">\n\t<td class=\"column-1\">PEI<\/td><td class=\"column-2\">Plan Estrat\u00e9gico Institucional<\/td><td class=\"column-3\"><a href=\"http:\/\/www.diresaapurimac.gob.pe\/images\/transparencia\/PEI_2018-2020.pdf\" rel=\"noopener noreferrer\" target=\"_blank\">Ver \/ Descargar<\/a><\/td>\n<\/tr>\n<tr class=\"row-7 odd\">\n\t<td class=\"column-1\">ASIS<\/td><td class=\"column-2\">An\u00e1lisis Situacional de la Salud de la Regi\u00f3n Apur\u00edmac<\/td><td class=\"column-3\"><a href=\"http:\/\/www.diresaapurimac.gob.pe\/media\/attachments\/2018\/09\/07\/asis2017.pdf\" rel=\"noopener noreferrer\" target=\"_blank\">Ver \/ Descargar<\/a><\/td>\n<\/tr>\n<tr class=\"row-8 even\">\n\t<td class=\"column-1\">TUPA<\/td><td class=\"column-2\">Texto \u00danico de Procedimientos Administrativos<\/td><td class=\"column-3\"><a href=\"http:\/\/www.diresaapurimac.gob.pe\/2018\/documentosdegestion\/tupa_2018.pdf\" rel=\"noopener noreferrer\" target=\"_blank\">Ver \/ Descargar<\/a><\/td>\n<\/tr>\n<tr class=\"row-9 odd\">\n\t<td class=\"column-1\">POI<\/td><td class=\"column-2\">Plan Operativo Institucional<br \/>\n<\/td><td class=\"column-3\"><a href=\"http:\/\/www.diresaapurimac.gob.pe\/images\/transparencia\/PlanOperativoInstitucional2019.pdf\" rel=\"noopener noreferrer\" target=\"_blank\">Ver \/ Descargar<\/a><\/td>\n<\/tr>\n<tr class=\"row-10 even\">\n\t<td class=\"column-1\">PAUTAS PARA ACCIONES DE MANTENIMIENTO<\/td><td class=\"column-2\">Pautas para acciones de mantenimiento de establecimientos de salud ante lluvias intensas Exp. N\u00b0 19-072870-001<\/td><td class=\"column-3\"><a href=\"http:\/\/www.diresaapurimac.gob.pe\/images\/2018\/Gestion\/doc00036820190715102954.pdf\" rel=\"noopener noreferrer\" target=\"_blank\">Ver \/ Descargar<\/a><\/td>\n<\/tr>\n<\/tbody>\n<\/table>\n<!-- #tablepress-3 from cache -->[\/vc_column_text][\/vc_column][\/vc_row]\n","protected":false},"excerpt":{"rendered":"<p>[vc_row][vc_column][\/vc_column][\/vc_row][vc_row][vc_column width=&#8221;1\/4&#8243;][\/vc_column][vc_column width=&#8221;3\/4&#8243;][vc_column_text][\/vc_column_text][\/vc_column][\/vc_row]<\/p>\n","protected":false},"author":1,"featured_media":0,"parent":0,"menu_order":0,"comment_status":"closed","ping_status":"closed","template":"","meta":{"spay_email":"","footnotes":""},"class_list":["post-2365","page","type-page","status-publish","hentry"],"_links":{"self":[{"href":"https:\/\/www.diresaapurimac.gob.pe\/web\/wp-json\/wp\/v2\/pages\/2365","targetHints":{"allow":["GET"]}}],"collection":[{"href":"https:\/\/www.diresaapurimac.gob.pe\/web\/wp-json\/wp\/v2\/pages"}],"about":[{"href":"https:\/\/www.diresaapurimac.gob.pe\/web\/wp-json\/wp\/v2\/types\/page"}],"author":[{"embeddable":true,"href":"https:\/\/www.diresaapurimac.gob.pe\/web\/wp-json\/wp\/v2\/users\/1"}],"replies":[{"embeddable":true,"href":"https:\/\/www.diresaapurimac.gob.pe\/web\/wp-json\/wp\/v2\/comments?post=2365"}],"version-history":[{"count":2,"href":"https:\/\/www.diresaapurimac.gob.pe\/web\/wp-json\/wp\/v2\/pages\/2365\/revisions"}],"predecessor-version":[{"id":2369,"href":"https:\/\/www.diresaapurimac.gob.pe\/web\/wp-json\/wp\/v2\/pages\/2365\/revisions\/2369"}],"wp:attachment":[{"href":"https:\/\/www.diresaapurimac.gob.pe\/web\/wp-json\/wp\/v2\/media?parent=2365"}],"curies":[{"name":"wp","href":"https:\/\/api.w.org\/{rel}","templated":true}]}}