{"id":2275,"date":"2019-12-05T18:06:28","date_gmt":"2019-12-05T18:06:28","guid":{"rendered":"http:\/\/www.diresaapurimac.gob.pe\/web\/?page_id=2275"},"modified":"2020-11-19T22:53:29","modified_gmt":"2020-11-19T22:53:29","slug":"transparencia","status":"publish","type":"page","link":"https:\/\/www.diresaapurimac.gob.pe\/web\/transparencia\/","title":{"rendered":"Transparencia"},"content":{"rendered":"[vc_row][vc_column width=&#8221;1\/4&#8243;][vc_single_image image=&#8221;2063&#8243; img_size=&#8221;full&#8221;][\/vc_column][vc_column width=&#8221;3\/4&#8243;][vc_custom_heading text=&#8221;INFORMACI\u00d3N PRESUPUESTAL&#8221; font_container=&#8221;tag:h2|text_align:center|color:%231e73be&#8221;][vc_column_text]<span style=\"color: #3366ff;\">reporte del avance del cumplimiento de los indicadores de las acciones estrat\u00e9gicas del Plan Estrat\u00e9gico Institucional <wbr \/>correspondiente al a\u00f1o 2019<\/span>[\/vc_column_text][vc_btn title=&#8221;ANEXO 3 &#8211; 2019&#8243; color=&#8221;primary&#8221; link=&#8221;url:http%3A%2F%2Fwww.diresaapurimac.gob.pe%2F2020%2Fpei2019.pdf||target:%20_blank|&#8221;][\/vc_column][\/vc_row][vc_row][vc_column width=&#8221;1\/4&#8243;][\/vc_column][vc_column width=&#8221;3\/4&#8243;][vc_custom_heading text=&#8221;RESOLUCIONES&#8221; font_container=&#8221;tag:h2|text_align:center|color:%231e73be&#8221;][vc_btn title=&#8221;RESOLUCIONES 2019-2020&#8243; color=&#8221;blue&#8221; link=&#8221;url:http%3A%2F%2Fwww.diresaapurimac.gob.pe%2Fweb%2Fresoluciones%2F||target:%20_blank|&#8221;][\/vc_column][\/vc_row]\n","protected":false},"excerpt":{"rendered":"<p>[vc_row][vc_column width=&#8221;1\/4&#8243;][vc_single_image image=&#8221;2063&#8243; img_size=&#8221;full&#8221;][\/vc_column][vc_column width=&#8221;3\/4&#8243;][vc_custom_heading text=&#8221;INFORMACI\u00d3N PRESUPUESTAL&#8221; font_container=&#8221;tag:h2|text_align:center|color:%231e73be&#8221;][vc_column_text]reporte del avance del cumplimiento de los indicadores de las acciones estrat\u00e9gicas del Plan Estrat\u00e9gico Institucional correspondiente al a\u00f1o 2019[\/vc_column_text][vc_btn title=&#8221;ANEXO 3 &#8211; 2019&#8243; color=&#8221;primary&#8221; link=&#8221;url:http%3A%2F%2Fwww.diresaapurimac.gob.pe%2F2020%2Fpei2019.pdf||target:%20_blank|&#8221;][\/vc_column][\/vc_row][vc_row][vc_column width=&#8221;1\/4&#8243;][\/vc_column][vc_column width=&#8221;3\/4&#8243;][vc_custom_heading text=&#8221;RESOLUCIONES&#8221; font_container=&#8221;tag:h2|text_align:center|color:%231e73be&#8221;][vc_btn title=&#8221;RESOLUCIONES 2019-2020&#8243; color=&#8221;blue&#8221; link=&#8221;url:http%3A%2F%2Fwww.diresaapurimac.gob.pe%2Fweb%2Fresoluciones%2F||target:%20_blank|&#8221;][\/vc_column][\/vc_row]<\/p>\n","protected":false},"author":1,"featured_media":0,"parent":0,"menu_order":0,"comment_status":"closed","ping_status":"closed","template":"","meta":{"spay_email":"","footnotes":""},"class_list":["post-2275","page","type-page","status-publish","hentry"],"_links":{"self":[{"href":"https:\/\/www.diresaapurimac.gob.pe\/web\/wp-json\/wp\/v2\/pages\/2275","targetHints":{"allow":["GET"]}}],"collection":[{"href":"https:\/\/www.diresaapurimac.gob.pe\/web\/wp-json\/wp\/v2\/pages"}],"about":[{"href":"https:\/\/www.diresaapurimac.gob.pe\/web\/wp-json\/wp\/v2\/types\/page"}],"author":[{"embeddable":true,"href":"https:\/\/www.diresaapurimac.gob.pe\/web\/wp-json\/wp\/v2\/users\/1"}],"replies":[{"embeddable":true,"href":"https:\/\/www.diresaapurimac.gob.pe\/web\/wp-json\/wp\/v2\/comments?post=2275"}],"version-history":[{"count":6,"href":"https:\/\/www.diresaapurimac.gob.pe\/web\/wp-json\/wp\/v2\/pages\/2275\/revisions"}],"predecessor-version":[{"id":4093,"href":"https:\/\/www.diresaapurimac.gob.pe\/web\/wp-json\/wp\/v2\/pages\/2275\/revisions\/4093"}],"wp:attachment":[{"href":"https:\/\/www.diresaapurimac.gob.pe\/web\/wp-json\/wp\/v2\/media?parent=2275"}],"curies":[{"name":"wp","href":"https:\/\/api.w.org\/{rel}","templated":true}]}}