{"id":2079,"date":"2019-11-24T14:25:08","date_gmt":"2019-11-24T14:25:08","guid":{"rendered":"http:\/\/www.diresaapurimac.gob.pe\/web\/?page_id=2079"},"modified":"2024-10-24T10:27:34","modified_gmt":"2024-10-24T15:27:34","slug":"direccion-ejecutiva-de-inteligencia-sanitaria","status":"publish","type":"page","link":"https:\/\/www.diresaapurimac.gob.pe\/web\/direccion-ejecutiva-de-inteligencia-sanitaria\/","title":{"rendered":"Direcci\u00f3n Ejecutiva de Inteligencia Sanitaria"},"content":{"rendered":"[vc_row][vc_column width=&#8221;1\/4&#8243;][vc_single_image image=&#8221;8945&#8243; img_size=&#8221;LARGE&#8221;][vc_single_image image=&#8221;8945&#8243; img_size=&#8221;full&#8221;][\/vc_column][vc_column width=&#8221;3\/4&#8243;][vc_column_text]<strong>Lic. <\/strong><span>\u00a0MOISES HUARACA AEDO<\/span><\/p>\n<p>Direcci\u00f3n Ejecutiva de Inteligencia Sanitaria<\/p>\n<p>&nbsp;[\/vc_column_text][wgl_divider height=&#8221;2px&#8221; divider_color=&#8221;#ececec&#8221; divider_line_color=&#8221;#0066bf&#8221;][\/vc_column][\/vc_row][vc_row][vc_column width=&#8221;1\/4&#8243;][\/vc_column][vc_column width=&#8221;3\/4&#8243;][vc_column_text]<strong>\u00d3rganos dependientes:<\/strong><\/p>\n<ul>\n<li>Direcci\u00f3n de Vigilancia Epidemiol\u00f3gica y ASIS<\/li>\n<li>Direcci\u00f3n de Prevenci\u00f3n y Control de Emergencias y Desastres<\/li>\n<li>Direcci\u00f3n de Estad\u00edstica Inform\u00e1tica y Telecomunicaciones<\/li>\n<li>Direcci\u00f3n de Laboratorio Referencial en Salud P\u00fablica<\/li>\n<\/ul>\n[\/vc_column_text][vc_column_text]La <strong>Direcci\u00f3n Ejecutiva de Inteligencia Sanitaria<\/strong> es el \u00f3rgano de l\u00ednea, depende de la Direcci\u00f3n General, est\u00e1 a cargo de la investigaci\u00f3n sanitaria de las tendencias epidemiol\u00f3gicas, prevenci\u00f3n y control de emergencias y desastres, as\u00ed como gesti\u00f3n y administraci\u00f3n de estad\u00edsticas de salud, sistema inform\u00e1tico y telecomunicaciones, del An\u00e1lisis de Situaci\u00f3n de Salud Regional y de los procesos de apoyo al diagn\u00f3stico oportuno. Tiene los siguientes objetivos funcionales:<\/p>\n<ul>\n<li>Monitorizar e investigar eventos epidemiol\u00f3gicos y analizar la Situaci\u00f3n de Salud y sus determinantes, conjuntamente que el comit\u00e9 de gesti\u00f3n de la DIRESA.<\/li>\n<li>Gerenciar la informaci\u00f3n estad\u00edstica, sistema inform\u00e1tico y telecomunicaciones de la Direcci\u00f3n Regional de Salud Apur\u00edmac, y sus \u00f3rganos desconcentrados.<\/li>\n<li>Proponer intervenciones en Salud P\u00fablica, con base en investigaciones operacionales a trav\u00e9s de la oficina de investigaci\u00f3n.<\/li>\n<li>Promover la coordinaci\u00f3n e integraci\u00f3n de fuentes y sistemas de informaci\u00f3n, as\u00ed como el trabajo coordinado y participativo de los diversos actores institucionales.<\/li>\n<li>Garantizar la integridad, el flujo oportuno y de calidad de las pruebas de diagn\u00f3stico a trav\u00e9s de la red de laboratorios de la Regi\u00f3n de Salud.<\/li>\n<li>Brindar los aspectos metodol\u00f3gicos en la construcci\u00f3n y formulaci\u00f3n de pol\u00edticas regionales de salud a los niveles superiores con un an\u00e1lisis integrado y propuestas de intervenci\u00f3n seg\u00fan prioridades sanitarias regionales.<\/li>\n<li>Gerenciar, conducir la ejecuci\u00f3n de las actividades de los \u00f3rganos de la Direcci\u00f3n de Emergencias y Desastres de la Direcci\u00f3n Regional de Salud de Apur\u00edmac.<\/li>\n<li>Dirigir, Coordinar, Supervisar y Evaluar las actividades de Salud en Emergencias y Desastres de la Direcci\u00f3n Regional de Salud y de sus \u00f3rganos desconcentrados.<\/li>\n<li>Otras funciones que le asigne la Alta Direcci\u00f3n.<\/li>\n<\/ul>\n<p>ROF 2012[\/vc_column_text][\/vc_column][\/vc_row]\n","protected":false},"excerpt":{"rendered":"<p>[vc_row][vc_column width=&#8221;1\/4&#8243;][vc_single_image image=&#8221;8945&#8243; img_size=&#8221;LARGE&#8221;][vc_single_image image=&#8221;8945&#8243; img_size=&#8221;full&#8221;][\/vc_column][vc_column width=&#8221;3\/4&#8243;][vc_column_text]Lic. \u00a0MOISES HUARACA AEDO Direcci\u00f3n Ejecutiva de Inteligencia Sanitaria &nbsp;[\/vc_column_text][wgl_divider height=&#8221;2px&#8221; divider_color=&#8221;#ececec&#8221; divider_line_color=&#8221;#0066bf&#8221;][\/vc_column][\/vc_row][vc_row][vc_column width=&#8221;1\/4&#8243;][\/vc_column][vc_column width=&#8221;3\/4&#8243;][vc_column_text]\u00d3rganos dependientes: Direcci\u00f3n de Vigilancia Epidemiol\u00f3gica y ASIS Direcci\u00f3n de Prevenci\u00f3n y Control de Emergencias y Desastres Direcci\u00f3n de Estad\u00edstica Inform\u00e1tica y Telecomunicaciones Direcci\u00f3n de Laboratorio Referencial en Salud P\u00fablica [\/vc_column_text][vc_column_text]La Direcci\u00f3n Ejecutiva de Inteligencia [&hellip;]<\/p>\n","protected":false},"author":1,"featured_media":0,"parent":0,"menu_order":0,"comment_status":"closed","ping_status":"closed","template":"","meta":{"spay_email":"","footnotes":""},"class_list":["post-2079","page","type-page","status-publish","hentry"],"_links":{"self":[{"href":"https:\/\/www.diresaapurimac.gob.pe\/web\/wp-json\/wp\/v2\/pages\/2079","targetHints":{"allow":["GET"]}}],"collection":[{"href":"https:\/\/www.diresaapurimac.gob.pe\/web\/wp-json\/wp\/v2\/pages"}],"about":[{"href":"https:\/\/www.diresaapurimac.gob.pe\/web\/wp-json\/wp\/v2\/types\/page"}],"author":[{"embeddable":true,"href":"https:\/\/www.diresaapurimac.gob.pe\/web\/wp-json\/wp\/v2\/users\/1"}],"replies":[{"embeddable":true,"href":"https:\/\/www.diresaapurimac.gob.pe\/web\/wp-json\/wp\/v2\/comments?post=2079"}],"version-history":[{"count":13,"href":"https:\/\/www.diresaapurimac.gob.pe\/web\/wp-json\/wp\/v2\/pages\/2079\/revisions"}],"predecessor-version":[{"id":8948,"href":"https:\/\/www.diresaapurimac.gob.pe\/web\/wp-json\/wp\/v2\/pages\/2079\/revisions\/8948"}],"wp:attachment":[{"href":"https:\/\/www.diresaapurimac.gob.pe\/web\/wp-json\/wp\/v2\/media?parent=2079"}],"curies":[{"name":"wp","href":"https:\/\/api.w.org\/{rel}","templated":true}]}}