{"id":12829,"date":"2026-04-14T09:05:19","date_gmt":"2026-04-14T14:05:19","guid":{"rendered":"https:\/\/www.diresaapurimac.gob.pe\/web\/?page_id=12829"},"modified":"2026-04-14T09:11:23","modified_gmt":"2026-04-14T14:11:23","slug":"mision-y-vision","status":"publish","type":"page","link":"https:\/\/www.diresaapurimac.gob.pe\/web\/mision-y-vision\/","title":{"rendered":"Misi\u00f3n y Visi\u00f3n"},"content":{"rendered":"[vc_row][vc_column width=&#8221;1\/2&#8243;][vc_column_text]\r\n<p><strong>Misi\u00f3n<br \/><\/strong> Somos una instituci\u00f3n p\u00fablica regional que promueve, previene, recupera y rehabilita la salud de las personas en todas sus etapas de vida, a trav\u00e9s de servicios integrales, instalando el Sistema Integral de Salud desde lugares no accesibles; con recursos humanos capacitados y especializados con tecnolog\u00eda apropiada, logrando las participaci\u00f3n social para contribuir el bienestar y desarrollo sostenible de la poblaci\u00f3n apurime\u00f1a.<\/p>\r\n<!-- \/wp:post-content -->\r\n\r\n<!-- wp:paragraph \/-->\r\n<p>&nbsp;<\/p>\r\n[\/vc_column_text][\/vc_column][vc_column width=&#8221;1\/2&#8243;][vc_column_text]\r\n<p><!-- wp:paragraph --><strong>Visi\u00f3n<\/strong><br \/>Ser una instituci\u00f2n especializada de dominio y liderazgo rector, totalmente descentralizada y desconcentrada con una s\u00f3lida estructura oraganizacional, \u00e9tica y capacidad resolitiva que garantiza la prestaci\u00f3n de los servicios de salud con calidad y calidez en el margo de la Atenci\u00f3n Integral de Salud en Red con tecnolog\u00eda especializada. Logrando una alianza estrat\u00e9gica y participaci\u00f3n social activa que promueve el desarrollo humano de acuerdo a la pol\u00edtica nacional e internacional de salud.<\/p>\r\n<!-- \/wp:paragraph -->\r\n\r\n<!-- wp:paragraph \/-->\r\n<p>&nbsp;<\/p>\r\n[\/vc_column_text][\/vc_column][\/vc_row]","protected":false},"excerpt":{"rendered":"<p>[vc_row][vc_column width=&#8221;1\/2&#8243;][vc_column_text] Misi\u00f3n Somos una instituci\u00f3n p\u00fablica regional que promueve, previene, recupera y rehabilita la salud de las personas en todas sus etapas de vida, a trav\u00e9s de servicios integrales, instalando el Sistema Integral de Salud desde lugares no accesibles; con recursos humanos capacitados y especializados con tecnolog\u00eda apropiada, logrando las participaci\u00f3n social para contribuir [&hellip;]<\/p>\n","protected":false},"author":1,"featured_media":0,"parent":0,"menu_order":0,"comment_status":"closed","ping_status":"closed","template":"","meta":{"spay_email":"","footnotes":""},"class_list":["post-12829","page","type-page","status-publish","hentry"],"_links":{"self":[{"href":"https:\/\/www.diresaapurimac.gob.pe\/web\/wp-json\/wp\/v2\/pages\/12829","targetHints":{"allow":["GET"]}}],"collection":[{"href":"https:\/\/www.diresaapurimac.gob.pe\/web\/wp-json\/wp\/v2\/pages"}],"about":[{"href":"https:\/\/www.diresaapurimac.gob.pe\/web\/wp-json\/wp\/v2\/types\/page"}],"author":[{"embeddable":true,"href":"https:\/\/www.diresaapurimac.gob.pe\/web\/wp-json\/wp\/v2\/users\/1"}],"replies":[{"embeddable":true,"href":"https:\/\/www.diresaapurimac.gob.pe\/web\/wp-json\/wp\/v2\/comments?post=12829"}],"version-history":[{"count":1,"href":"https:\/\/www.diresaapurimac.gob.pe\/web\/wp-json\/wp\/v2\/pages\/12829\/revisions"}],"predecessor-version":[{"id":12831,"href":"https:\/\/www.diresaapurimac.gob.pe\/web\/wp-json\/wp\/v2\/pages\/12829\/revisions\/12831"}],"wp:attachment":[{"href":"https:\/\/www.diresaapurimac.gob.pe\/web\/wp-json\/wp\/v2\/media?parent=12829"}],"curies":[{"name":"wp","href":"https:\/\/api.w.org\/{rel}","templated":true}]}}