{"id":1068,"date":"2019-08-25T16:29:13","date_gmt":"2019-08-25T16:29:13","guid":{"rendered":"http:\/\/www.diresaapurimac.gob.pe\/web\/?page_id=1068"},"modified":"2026-01-08T15:14:58","modified_gmt":"2026-01-08T20:14:58","slug":"direccion-ejecutiva-de-capacidades-y-fortalecimiento-de-recursos-humanos","status":"publish","type":"page","link":"https:\/\/www.diresaapurimac.gob.pe\/web\/direccion-ejecutiva-de-capacidades-y-fortalecimiento-de-recursos-humanos\/","title":{"rendered":"Direcci\u00f3n Ejecutiva de Capacidades y Fortalecimiento de Recursos Humanos"},"content":{"rendered":"[vc_row][vc_column width=&#8221;1\/4&#8243;][vc_single_image image=&#8221;11598&#8243; img_size=&#8221;medium&#8221;][\/vc_column][vc_column width=&#8221;3\/4&#8243;][vc_column_text]<strong>ABOG. ALBERTO ELGUERA HILARES<\/strong><\/p>\n<p>Direcci\u00f3n Ejecutiva de Gesti\u00f3n y Desarrollo de Recursos Humanos<br \/>\nCategor\u00eda: F4[\/vc_column_text][wgl_divider height=&#8221;2px&#8221; divider_color=&#8221;#ececec&#8221; divider_line_color=&#8221;#0066bf&#8221;][\/vc_column][\/vc_row][vc_row][vc_column width=&#8221;1\/4&#8243;][vc_single_image image=&#8221;2078&#8243; img_size=&#8221;medium&#8221;][\/vc_column][vc_column width=&#8221;3\/4&#8243;][vc_column_text]<strong>Organos dependientes:<\/strong><\/p>\n<ul>\n<li>Unidad de Gesti\u00f3n Administrativa de Recursos Humanos<\/li>\n<li>Unidad de Gesti\u00f3n de Capacidades y Desarrollo De Recursos Humanos<\/li>\n<\/ul>\n[\/vc_column_text][vc_column_text]La <strong>Direcci\u00f3n Ejecutiva de Capacidades y Fortalecimiento de Recursos Humanos<\/strong> depende de la Direcci\u00f3n General y est\u00e1 a cargo de los siguientes objetivos funcionales:<\/p>\n<ul>\n<li>Satisfacer oportuna y adecuadamente las necesidades de recursos humanos de la DIRESA<\/li>\n<li>Regular y administrar la gesti\u00f3n de recursos humanos de la DIRESA en cumplimiento a la normatividad vigente.<\/li>\n<li>Regular y supervisar el cumplimiento de los deberes, derechos y obligaciones del personal.<\/li>\n<li>Programar y supervisar la implementaci\u00f3n de programas y proyectos de bienestar social.<\/li>\n<li>Desarrollar la cultura organizacional de la Regi\u00f3n de Salud Apur\u00edmac y lograr el compromiso individual y colectivo con la misi\u00f3n y visi\u00f3n.<\/li>\n<li>Crear un clima laboral adecuado para el cumplimiento de los fines de la DIRESA.<\/li>\n<li>Desarrollar y evaluar el desempe\u00f1o productivo y calidad de los recursos humanos.<\/li>\n<li>Efectuar oportunamente el Cuadro para Asignaci\u00f3n de Personal de la DIRESA de acuerdo a necesidades y considerando categor\u00eda de EE.SS<\/li>\n<li>Cumplir y hacer cumplir la normatividad vigente sobre los procesos t\u00e9cnicos y acciones de personal.<\/li>\n<li>Lograr los objetivos funcionales asignados en el proceso de desarrollo de recursos humanos y los establecidos en la normatividad vigente.<\/li>\n<li>Otras que se le asigne en el marco de sus competencias.<\/li>\n<\/ul>\n<p>ROF 2012[\/vc_column_text][\/vc_column][\/vc_row]\n","protected":false},"excerpt":{"rendered":"<p>[vc_row][vc_column width=&#8221;1\/4&#8243;][vc_single_image image=&#8221;11598&#8243; img_size=&#8221;medium&#8221;][\/vc_column][vc_column width=&#8221;3\/4&#8243;][vc_column_text]ABOG. ALBERTO ELGUERA HILARES Direcci\u00f3n Ejecutiva de Gesti\u00f3n y Desarrollo de Recursos Humanos Categor\u00eda: F4[\/vc_column_text][wgl_divider height=&#8221;2px&#8221; divider_color=&#8221;#ececec&#8221; divider_line_color=&#8221;#0066bf&#8221;][\/vc_column][\/vc_row][vc_row][vc_column width=&#8221;1\/4&#8243;][vc_single_image image=&#8221;2078&#8243; img_size=&#8221;medium&#8221;][\/vc_column][vc_column width=&#8221;3\/4&#8243;][vc_column_text]Organos dependientes: Unidad de Gesti\u00f3n Administrativa de Recursos Humanos Unidad de Gesti\u00f3n de Capacidades y Desarrollo De Recursos Humanos [\/vc_column_text][vc_column_text]La Direcci\u00f3n Ejecutiva de Capacidades y Fortalecimiento de Recursos Humanos depende [&hellip;]<\/p>\n","protected":false},"author":1,"featured_media":0,"parent":0,"menu_order":0,"comment_status":"closed","ping_status":"closed","template":"","meta":{"spay_email":"","footnotes":""},"class_list":["post-1068","page","type-page","status-publish","hentry"],"_links":{"self":[{"href":"https:\/\/www.diresaapurimac.gob.pe\/web\/wp-json\/wp\/v2\/pages\/1068","targetHints":{"allow":["GET"]}}],"collection":[{"href":"https:\/\/www.diresaapurimac.gob.pe\/web\/wp-json\/wp\/v2\/pages"}],"about":[{"href":"https:\/\/www.diresaapurimac.gob.pe\/web\/wp-json\/wp\/v2\/types\/page"}],"author":[{"embeddable":true,"href":"https:\/\/www.diresaapurimac.gob.pe\/web\/wp-json\/wp\/v2\/users\/1"}],"replies":[{"embeddable":true,"href":"https:\/\/www.diresaapurimac.gob.pe\/web\/wp-json\/wp\/v2\/comments?post=1068"}],"version-history":[{"count":17,"href":"https:\/\/www.diresaapurimac.gob.pe\/web\/wp-json\/wp\/v2\/pages\/1068\/revisions"}],"predecessor-version":[{"id":11600,"href":"https:\/\/www.diresaapurimac.gob.pe\/web\/wp-json\/wp\/v2\/pages\/1068\/revisions\/11600"}],"wp:attachment":[{"href":"https:\/\/www.diresaapurimac.gob.pe\/web\/wp-json\/wp\/v2\/media?parent=1068"}],"curies":[{"name":"wp","href":"https:\/\/api.w.org\/{rel}","templated":true}]}}