{"id":1063,"date":"2019-08-25T16:19:50","date_gmt":"2019-08-25T16:19:50","guid":{"rendered":"http:\/\/www.diresaapurimac.gob.pe\/web\/?page_id=1063"},"modified":"2026-02-25T08:43:52","modified_gmt":"2026-02-25T13:43:52","slug":"direccion-ejecutiva-de-administracion","status":"publish","type":"page","link":"https:\/\/www.diresaapurimac.gob.pe\/web\/direccion-ejecutiva-de-administracion\/","title":{"rendered":"Direcci\u00f3n Ejecutiva de Administraci\u00f3n"},"content":{"rendered":"[vc_row][vc_column width=&#8221;1\/4&#8243;][vc_single_image image=&#8221;12546&#8243; img_size=&#8221;large&#8221;][\/vc_column][vc_column width=&#8221;3\/4&#8243;][vc_column_text]<strong><span>Lic. Adm. Vicente Leo Leiva Antay<\/span> <\/strong><\/p>\n<p>Direcci\u00f3n Ejecutiva de Administraci\u00f3n<br \/>\nCategor\u00eda: F4[\/vc_column_text][wgl_divider height=&#8221;2px&#8221; divider_color=&#8221;#ececec&#8221; divider_line_color=&#8221;#0066bf&#8221;][\/vc_column][\/vc_row][vc_row][vc_column width=&#8221;1\/4&#8243;][vc_single_image image=&#8221;2078&#8243; img_size=&#8221;medium&#8221;][\/vc_column][vc_column width=&#8221;3\/4&#8243;][vc_column_text]<strong>\u00d3rganos dependientes:<\/strong><\/p>\n<ul>\n<li>Unidad de Log\u00edstica<\/li>\n<li>Unidad de Econom\u00eda<\/li>\n<li>Unidad de Infraestructura, Equipamiento y Mantenimiento<\/li>\n<\/ul>\n[\/vc_column_text][vc_column_text]<strong>La Direcci\u00f3n Ejecutiva de Administraci\u00f3n<\/strong> depende de la Direcci\u00f3n General y est\u00e1 a cargo de un Director Ejecutivo que cumple las siguientes funciones:<\/p>\n<ul>\n<li>Proveer de bienes y servicios, en la cantidad, calidad y oportunidad requerida por los usuarios.<\/li>\n<li>Ejecutar el presupuesto asignado para el logro de los objetivos estrat\u00e9gicos y funcionales as\u00ed como participar en la formulaci\u00f3n y programaci\u00f3n, en concordancia con la normatividad vigente.<\/li>\n<li>Producir e integrar la informaci\u00f3n contable, presupuestal, financiera y log\u00edstica de la Direcci\u00f3n Regional de Salud.<\/li>\n<li>Supervisar y evaluar la correcta aplicaci\u00f3n y cumplimento de los procesos t\u00e9cnicos de los sistemas administrativos de abastecimiento, contabilidad, tesorer\u00eda y archivo, as\u00ed como de las actividades de ejecuci\u00f3n presupuestal en los \u00f3rganos desconcentrados de la Direcci\u00f3n Regional de Salud Apur\u00edmac.<\/li>\n<li>Lograr la coordinaci\u00f3n e integraci\u00f3n de los sistemas administrativos para la ejecuci\u00f3n del presupuesto por las diferentes fuentes de financiamiento.<\/li>\n<li>Difundir las normas y procedimientos de los sistemas administrativos de abastecimiento, contabilidad, tesorer\u00eda y archivo as\u00ed como de las actividades de ejecuci\u00f3n presupuestal en la DIRESA y sus \u00f3rganos desconcentrados.<\/li>\n<li>Prever y mantener disponibles los recursos financieros, humanos, materiales, medicamentos; equipos y servicios para la atenci\u00f3n inicial e inmediata de epidemias, emergencias y desastres, as\u00ed como la disponibilidad de transporte de los mismos.<\/li>\n<li>Lograr que se establezca en la unidad org\u00e1nica y en el \u00e1mbito de su competencia los objetivos funcionales, el control interno previo, simult\u00e1neo y posterior.<\/li>\n<li>Supervisar y monitorear el proceso del Sistema Integrado de Gesti\u00f3n Log\u00edstica SIGA.<\/li>\n<li>Proponer el comit\u00e9 permanente de Contrataciones encargado de llevar adelante los procesos de selecci\u00f3n y aprobar las bases de los procesos de Menor Cuant\u00eda y Adjudicaciones Directas.<\/li>\n<li>Otras funciones que se le asigne en el marco de sus competencias.<\/li>\n<\/ul>\n<p>ROF 2012[\/vc_column_text][\/vc_column][\/vc_row]\n","protected":false},"excerpt":{"rendered":"<p>[vc_row][vc_column width=&#8221;1\/4&#8243;][vc_single_image image=&#8221;12546&#8243; img_size=&#8221;large&#8221;][\/vc_column][vc_column width=&#8221;3\/4&#8243;][vc_column_text]Lic. Adm. Vicente Leo Leiva Antay Direcci\u00f3n Ejecutiva de Administraci\u00f3n Categor\u00eda: F4[\/vc_column_text][wgl_divider height=&#8221;2px&#8221; divider_color=&#8221;#ececec&#8221; divider_line_color=&#8221;#0066bf&#8221;][\/vc_column][\/vc_row][vc_row][vc_column width=&#8221;1\/4&#8243;][vc_single_image image=&#8221;2078&#8243; img_size=&#8221;medium&#8221;][\/vc_column][vc_column width=&#8221;3\/4&#8243;][vc_column_text]\u00d3rganos dependientes: Unidad de Log\u00edstica Unidad de Econom\u00eda Unidad de Infraestructura, Equipamiento y Mantenimiento [\/vc_column_text][vc_column_text]La Direcci\u00f3n Ejecutiva de Administraci\u00f3n depende de la Direcci\u00f3n General y est\u00e1 a cargo de un Director Ejecutivo que [&hellip;]<\/p>\n","protected":false},"author":1,"featured_media":0,"parent":0,"menu_order":0,"comment_status":"closed","ping_status":"closed","template":"","meta":{"spay_email":"","footnotes":""},"class_list":["post-1063","page","type-page","status-publish","hentry"],"_links":{"self":[{"href":"https:\/\/www.diresaapurimac.gob.pe\/web\/wp-json\/wp\/v2\/pages\/1063","targetHints":{"allow":["GET"]}}],"collection":[{"href":"https:\/\/www.diresaapurimac.gob.pe\/web\/wp-json\/wp\/v2\/pages"}],"about":[{"href":"https:\/\/www.diresaapurimac.gob.pe\/web\/wp-json\/wp\/v2\/types\/page"}],"author":[{"embeddable":true,"href":"https:\/\/www.diresaapurimac.gob.pe\/web\/wp-json\/wp\/v2\/users\/1"}],"replies":[{"embeddable":true,"href":"https:\/\/www.diresaapurimac.gob.pe\/web\/wp-json\/wp\/v2\/comments?post=1063"}],"version-history":[{"count":21,"href":"https:\/\/www.diresaapurimac.gob.pe\/web\/wp-json\/wp\/v2\/pages\/1063\/revisions"}],"predecessor-version":[{"id":12549,"href":"https:\/\/www.diresaapurimac.gob.pe\/web\/wp-json\/wp\/v2\/pages\/1063\/revisions\/12549"}],"wp:attachment":[{"href":"https:\/\/www.diresaapurimac.gob.pe\/web\/wp-json\/wp\/v2\/media?parent=1063"}],"curies":[{"name":"wp","href":"https:\/\/api.w.org\/{rel}","templated":true}]}}