{"id":1057,"date":"2019-08-25T16:14:02","date_gmt":"2019-08-25T16:14:02","guid":{"rendered":"http:\/\/www.diresaapurimac.gob.pe\/web\/?page_id=1057"},"modified":"2025-07-09T16:11:10","modified_gmt":"2025-07-09T21:11:10","slug":"direccion-ejecutiva-de-promocion-de-la-salud","status":"publish","type":"page","link":"https:\/\/www.diresaapurimac.gob.pe\/web\/direccion-ejecutiva-de-promocion-de-la-salud\/","title":{"rendered":"Direcci\u00f3n Ejecutiva de Promoci\u00f3n de la Salud"},"content":{"rendered":"[vc_row][vc_column width=&#8221;1\/4&#8243;][vc_single_image image=&#8221;10388&#8243; img_size=&#8221;220&#215;300&#8243;][\/vc_column][vc_column width=&#8221;3\/4&#8243;][vc_column_text]<strong>Mg. Miriam Monz\u00f3n Carri\u00f3n<\/strong><br \/>\nDirecci\u00f3n Ejecutiva de Promoci\u00f3n de la Salud<br \/>\nCategor\u00eda: F4<br \/>\nTelf.<br \/>\nCorreo E:<\/p>\n<p>&nbsp;[\/vc_column_text][wgl_divider height=&#8221;2px&#8221; divider_color=&#8221;#ececec&#8221; divider_line_color=&#8221;#0066bf&#8221;][\/vc_column][\/vc_row][vc_row][vc_column width=&#8221;1\/4&#8243;][vc_single_image image=&#8221;2078&#8243; img_size=&#8221;medium&#8221;][\/vc_column][vc_column width=&#8221;3\/4&#8243;][vc_column_text]<strong>\u00d3rganos dependientes:<\/strong><\/p>\n<ul>\n<li>Direcci\u00f3n de Participaci\u00f3n Comunitaria en Salud<\/li>\n<li>Direcci\u00f3n de Educaci\u00f3n para la Salud<\/li>\n<li>Direcci\u00f3n de Promoci\u00f3n de Vida Sana<\/li>\n<\/ul>\n[\/vc_column_text][vc_column_text]La <strong>Direcci\u00f3n Ejecutiva de Promoci\u00f3n de la Salud<\/strong> est\u00e1 a cargo de la promoci\u00f3n de una cultura de salud que contribuya al desarrollo integral de la persona, familia y sociedad, en armon\u00eda con la dignidad humana y respetando la vida humana desde su concepci\u00f3n hasta su t\u00e9rmino natural. Tiene a su cargo los siguientes objetivos funcionales generales:<\/p>\n<ul>\n<li>Dise\u00f1ar, implementar y evaluar las pol\u00edticas p\u00fablicas regionales de Promoci\u00f3n de la Salud, en todas las etapas de vida, teniendo en cuenta las prioridades sanitarias regionales y nacionales as\u00ed como los enfoques de derecho, equidad de g\u00e9nero e interculturalidad.<\/li>\n<li>Generar las condiciones estrat\u00e9gicas para la construcci\u00f3n de la cultura de la salud y para fortalecer el desarrollo y ejercicio de los valores para la salud en la persona, familia y comunidad.<\/li>\n<li>Implementar y evaluar planes, programas y proyectos de intervenciones de Promoci\u00f3n de la Salud, en el \u00e1mbito regional.<\/li>\n<li>Crear espacios de concertaci\u00f3n con instituciones y organismos p\u00fablicos y privados para generar alianzas estrat\u00e9gicas para la promoci\u00f3n de la salud.<\/li>\n<li>Coordinar y desarrollar estudios de investigaci\u00f3n y evaluaci\u00f3n del impacto de las acciones de Promoci\u00f3n de la Salud y difundir los resultados.<\/li>\n<li>Evaluar, monitorizar y regular todas las intervenciones p\u00fablicas y privadas en Promoci\u00f3n de la Salud en el \u00e1mbito regional.<\/li>\n<li>Otras que se le asigne en el marco de sus competencias.<\/li>\n<\/ul>\n<p>ROF 2012[\/vc_column_text][\/vc_column][\/vc_row]\n","protected":false},"excerpt":{"rendered":"<p>[vc_row][vc_column width=&#8221;1\/4&#8243;][vc_single_image image=&#8221;10388&#8243; img_size=&#8221;220&#215;300&#8243;][\/vc_column][vc_column width=&#8221;3\/4&#8243;][vc_column_text]Mg. Miriam Monz\u00f3n Carri\u00f3n Direcci\u00f3n Ejecutiva de Promoci\u00f3n de la Salud Categor\u00eda: F4 Telf. Correo E: &nbsp;[\/vc_column_text][wgl_divider height=&#8221;2px&#8221; divider_color=&#8221;#ececec&#8221; divider_line_color=&#8221;#0066bf&#8221;][\/vc_column][\/vc_row][vc_row][vc_column width=&#8221;1\/4&#8243;][vc_single_image image=&#8221;2078&#8243; img_size=&#8221;medium&#8221;][\/vc_column][vc_column width=&#8221;3\/4&#8243;][vc_column_text]\u00d3rganos dependientes: Direcci\u00f3n de Participaci\u00f3n Comunitaria en Salud Direcci\u00f3n de Educaci\u00f3n para la Salud Direcci\u00f3n de Promoci\u00f3n de Vida Sana [\/vc_column_text][vc_column_text]La Direcci\u00f3n Ejecutiva de Promoci\u00f3n de la Salud [&hellip;]<\/p>\n","protected":false},"author":1,"featured_media":0,"parent":0,"menu_order":0,"comment_status":"closed","ping_status":"closed","template":"","meta":{"spay_email":"","footnotes":""},"class_list":["post-1057","page","type-page","status-publish","hentry"],"_links":{"self":[{"href":"https:\/\/www.diresaapurimac.gob.pe\/web\/wp-json\/wp\/v2\/pages\/1057","targetHints":{"allow":["GET"]}}],"collection":[{"href":"https:\/\/www.diresaapurimac.gob.pe\/web\/wp-json\/wp\/v2\/pages"}],"about":[{"href":"https:\/\/www.diresaapurimac.gob.pe\/web\/wp-json\/wp\/v2\/types\/page"}],"author":[{"embeddable":true,"href":"https:\/\/www.diresaapurimac.gob.pe\/web\/wp-json\/wp\/v2\/users\/1"}],"replies":[{"embeddable":true,"href":"https:\/\/www.diresaapurimac.gob.pe\/web\/wp-json\/wp\/v2\/comments?post=1057"}],"version-history":[{"count":20,"href":"https:\/\/www.diresaapurimac.gob.pe\/web\/wp-json\/wp\/v2\/pages\/1057\/revisions"}],"predecessor-version":[{"id":10389,"href":"https:\/\/www.diresaapurimac.gob.pe\/web\/wp-json\/wp\/v2\/pages\/1057\/revisions\/10389"}],"wp:attachment":[{"href":"https:\/\/www.diresaapurimac.gob.pe\/web\/wp-json\/wp\/v2\/media?parent=1057"}],"curies":[{"name":"wp","href":"https:\/\/api.w.org\/{rel}","templated":true}]}}